{"id":1739,"date":"2024-10-23T10:25:52","date_gmt":"2024-10-23T09:25:52","guid":{"rendered":"https:\/\/karelasolutions.com\/?page_id=1739"},"modified":"2024-10-30T11:17:28","modified_gmt":"2024-10-30T10:17:28","slug":"economia-azul","status":"publish","type":"page","link":"https:\/\/karelasolutions.com\/en\/economia-azul\/","title":{"rendered":"Blue economy"},"content":{"rendered":"<div class=\"wp-block-uagb-container uagb-block-dd5ae699 alignfull uagb-is-root-container\"><div class=\"uagb-container-inner-blocks-wrap\"><div class=\"yoast-breadcrumbs\"><span><span><a href=\"https:\/\/karelasolutions.com\/en\/\">Home<\/a><\/span> \u00bb <span class=\"breadcrumb_last\" aria-current=\"page\"><strong>Blue economy<\/strong><\/span><\/span><\/div>\n\n\n<div class=\"wp-block-columns is-layout-flex wp-container-core-columns-is-layout-28f84493 wp-block-columns-is-layout-flex\">\n<div class=\"wp-block-column is-vertically-aligned-center is-layout-flow wp-block-column-is-layout-flow\">\n<div data-aos= \"fade-up\" data-aos-duration=\"400\" data-aos-delay=\"0\" data-aos-easing=\"ease\" data-aos-once=\"true\" class=\"wp-block-uagb-advanced-heading uagb-block-26998a14\"><h2 class=\"uagb-heading-text\"><strong>Blue economy<\/strong><\/h2><div class=\"uagb-separator\"><\/div><\/div>\n\n\n\n<div data-aos= \"fade-up\" data-aos-duration=\"400\" data-aos-delay=\"0\" data-aos-easing=\"ease\" data-aos-once=\"true\" class=\"wp-block-uagb-info-box uagb-block-49f31549 uagb-infobox__content-wrap  uagb-infobox-icon-above-title uagb-infobox-image-valign-top\"><div class=\"uagb-ifb-content\"><div class=\"uagb-ifb-title-wrap\"><\/div><p class=\"uagb-ifb-desc\">We believe that the transition to cleaner forms of energy is not only a responsibility, but also an oportunity to lead the change to a more sustainable future. <br><br>We are committed to being a driving force in this transformation, actively working on initiatives and colaborative proyects that promote sustainability and the protection of the environment.<\/p><\/div><\/div>\n<\/div>\n\n\n\n<div class=\"wp-block-column is-layout-flow wp-block-column-is-layout-flow\">\n<div data-aos= \"fade-up\" data-aos-duration=\"400\" data-aos-delay=\"0\" data-aos-easing=\"ease\" data-aos-once=\"true\" class=\"wp-block-uagb-image uagb-block-09d8b4f4 wp-block-uagb-image--layout-default wp-block-uagb-image--effect-static wp-block-uagb-image--align-none\"><figure class=\"wp-block-uagb-image__figure\"><img decoding=\"async\" srcset=\"https:\/\/karelasolutions.com\/wp-content\/uploads\/2024\/10\/pexels-photo-2127969-2127969-1024x807.jpg ,https:\/\/karelasolutions.com\/wp-content\/uploads\/2024\/10\/pexels-photo-2127969-2127969-scaled.jpg 780w, https:\/\/karelasolutions.com\/wp-content\/uploads\/2024\/10\/pexels-photo-2127969-2127969-scaled.jpg 360w\" sizes=\"auto, (max-width: 480px) 150px\" src=\"https:\/\/karelasolutions.com\/wp-content\/uploads\/2024\/10\/pexels-photo-2127969-2127969-1024x807.jpg\" alt=\"Focus Photography of Sea Waves\" class=\"uag-image-1740\" width=\"1024\" height=\"807\" title=\"pexels-photo-2127969-2127969\" loading=\"lazy\" role=\"img\"\/><\/figure><\/div>\n<\/div>\n<\/div>\n<\/div><\/div>\n\n\n\n<p><\/p>","protected":false},"excerpt":{"rendered":"<p>Blue economy<\/p>","protected":false},"author":1,"featured_media":0,"parent":0,"menu_order":0,"comment_status":"closed","ping_status":"closed","template":"","meta":{"_uag_custom_page_level_css":"","site-sidebar-layout":"default","site-content-layout":"","ast-site-content-layout":"default","site-content-style":"default","site-sidebar-style":"default","ast-global-header-display":"","ast-banner-title-visibility":"","ast-main-header-display":"","ast-hfb-above-header-display":"","ast-hfb-below-header-display":"","ast-hfb-mobile-header-display":"","site-post-title":"","ast-breadcrumbs-content":"","ast-featured-img":"","footer-sml-layout":"","theme-transparent-header-meta":"","adv-header-id-meta":"","stick-header-meta":"","header-above-stick-meta":"","header-main-stick-meta":"","header-below-stick-meta":"","astra-migrate-meta-layouts":"set","ast-page-background-enabled":"default","ast-page-background-meta":{"desktop":{"background-color":"var(--ast-global-color-4)","background-image":"","background-repeat":"repeat","background-position":"center center","background-size":"auto","background-attachment":"scroll","background-type":"","background-media":"","overlay-type":"","overlay-color":"","overlay-opacity":"","overlay-gradient":""},"tablet":{"background-color":"","background-image":"","background-repeat":"repeat","background-position":"center center","background-size":"auto","background-attachment":"scroll","background-type":"","background-media":"","overlay-type":"","overlay-color":"","overlay-opacity":"","overlay-gradient":""},"mobile":{"background-color":"","background-image":"","background-repeat":"repeat","background-position":"center center","background-size":"auto","background-attachment":"scroll","background-type":"","background-media":"","overlay-type":"","overlay-color":"","overlay-opacity":"","overlay-gradient":""}},"ast-content-background-meta":{"desktop":{"background-color":"var(--ast-global-color-5)","background-image":"","background-repeat":"repeat","background-position":"center center","background-size":"auto","background-attachment":"scroll","background-type":"","background-media":"","overlay-type":"","overlay-color":"","overlay-opacity":"","overlay-gradient":""},"tablet":{"background-color":"var(--ast-global-color-5)","background-image":"","background-repeat":"repeat","background-position":"center center","background-size":"auto","background-attachment":"scroll","background-type":"","background-media":"","overlay-type":"","overlay-color":"","overlay-opacity":"","overlay-gradient":""},"mobile":{"background-color":"var(--ast-global-color-5)","background-image":"","background-repeat":"repeat","background-position":"center center","background-size":"auto","background-attachment":"scroll","background-type":"","background-media":"","overlay-type":"","overlay-color":"","overlay-opacity":"","overlay-gradient":""}},"footnotes":""},"class_list":["post-1739","page","type-page","status-publish","hentry"],"featured_image_src":null,"yoast_head":"<!-- This site is optimized with the Yoast SEO plugin v27.1.1 - https:\/\/yoast.com\/product\/yoast-seo-wordpress\/ -->\n<title>KARELA SOLUTIONS &#8212; Econom\u00eda azul<\/title>\n<meta name=\"description\" content=\"Econom\u00eda azul &#8212; Crear una transici\u00f3n hacia formas de energ\u00eda m\u00e1s limpias para fomentar la sostenibilidad y la protecci\u00f3n del medio ambiente.\" \/>\n<meta name=\"robots\" content=\"index, follow, max-snippet:-1, max-image-preview:large, max-video-preview:-1\" \/>\n<link rel=\"canonical\" href=\"https:\/\/karelasolutions.com\/en\/economia-azul\/\" \/>\n<meta property=\"og:locale\" content=\"en_GB\" \/>\n<meta property=\"og:type\" content=\"article\" \/>\n<meta property=\"og:title\" content=\"KARELA SOLUTIONS &#8212; Econom\u00eda azul\" \/>\n<meta property=\"og:description\" content=\"Econom\u00eda azul &#8212; Crear una transici\u00f3n hacia formas de energ\u00eda m\u00e1s limpias para fomentar la sostenibilidad y la protecci\u00f3n del medio ambiente.\" \/>\n<meta property=\"og:url\" content=\"https:\/\/karelasolutions.com\/en\/economia-azul\/\" \/>\n<meta property=\"article:modified_time\" content=\"2024-10-30T10:17:28+00:00\" \/>\n<meta property=\"og:image\" content=\"https:\/\/karelasolutions.com\/wp-content\/uploads\/2024\/10\/pexels-photo-2127969-2127969-1024x807.jpg\" \/>\n<meta name=\"twitter:card\" content=\"summary_large_image\" \/>\n<meta name=\"twitter:label1\" content=\"Estimated reading time\" \/>\n\t<meta name=\"twitter:data1\" content=\"1 minute\" \/>\n<script type=\"application\/ld+json\" class=\"yoast-schema-graph\">{\"@context\":\"https:\/\/schema.org\",\"@graph\":[{\"@type\":\"WebPage\",\"@id\":\"https:\/\/karelasolutions.com\/economia-azul\/\",\"url\":\"https:\/\/karelasolutions.com\/economia-azul\/\",\"name\":\"KARELA SOLUTIONS &#8212; Econom\u00eda azul\",\"isPartOf\":{\"@id\":\"https:\/\/karelasolutions.com\/#website\"},\"primaryImageOfPage\":{\"@id\":\"https:\/\/karelasolutions.com\/economia-azul\/#primaryimage\"},\"image\":{\"@id\":\"https:\/\/karelasolutions.com\/economia-azul\/#primaryimage\"},\"thumbnailUrl\":\"https:\/\/karelasolutions.com\/wp-content\/uploads\/2024\/10\/pexels-photo-2127969-2127969-1024x807.jpg\",\"datePublished\":\"2024-10-23T09:25:52+00:00\",\"dateModified\":\"2024-10-30T10:17:28+00:00\",\"description\":\"Econom\u00eda azul &#8212; Crear una transici\u00f3n hacia formas de energ\u00eda m\u00e1s limpias para fomentar la sostenibilidad y la protecci\u00f3n del medio ambiente.\",\"breadcrumb\":{\"@id\":\"https:\/\/karelasolutions.com\/economia-azul\/#breadcrumb\"},\"inLanguage\":\"en-GB\",\"potentialAction\":[{\"@type\":\"ReadAction\",\"target\":[\"https:\/\/karelasolutions.com\/economia-azul\/\"]}]},{\"@type\":\"ImageObject\",\"inLanguage\":\"en-GB\",\"@id\":\"https:\/\/karelasolutions.com\/economia-azul\/#primaryimage\",\"url\":\"https:\/\/karelasolutions.com\/wp-content\/uploads\/2024\/10\/pexels-photo-2127969-2127969-1024x807.jpg\",\"contentUrl\":\"https:\/\/karelasolutions.com\/wp-content\/uploads\/2024\/10\/pexels-photo-2127969-2127969-1024x807.jpg\"},{\"@type\":\"BreadcrumbList\",\"@id\":\"https:\/\/karelasolutions.com\/economia-azul\/#breadcrumb\",\"itemListElement\":[{\"@type\":\"ListItem\",\"position\":1,\"name\":\"P\u00e1gina principal\",\"item\":\"https:\/\/karelasolutions.com\/\"},{\"@type\":\"ListItem\",\"position\":2,\"name\":\"Econom\u00eda azul\"}]},{\"@type\":\"WebSite\",\"@id\":\"https:\/\/karelasolutions.com\/#website\",\"url\":\"https:\/\/karelasolutions.com\/\",\"name\":\"KARELA SOLUTIONS\",\"description\":\"Bet on innovation\",\"publisher\":{\"@id\":\"https:\/\/karelasolutions.com\/#organization\"},\"alternateName\":\"KARELA ELECTRICAL ENGINEERING\",\"potentialAction\":[{\"@type\":\"SearchAction\",\"target\":{\"@type\":\"EntryPoint\",\"urlTemplate\":\"https:\/\/karelasolutions.com\/?s={search_term_string}\"},\"query-input\":{\"@type\":\"PropertyValueSpecification\",\"valueRequired\":true,\"valueName\":\"search_term_string\"}}],\"inLanguage\":\"en-GB\"},{\"@type\":\"Organization\",\"@id\":\"https:\/\/karelasolutions.com\/#organization\",\"name\":\"KARELA SOLUTIONS S.L.L.\",\"alternateName\":\"KARELA ELECTRICAL ENGINEERING\",\"url\":\"https:\/\/karelasolutions.com\/\",\"logo\":{\"@type\":\"ImageObject\",\"inLanguage\":\"en-GB\",\"@id\":\"https:\/\/karelasolutions.com\/#\/schema\/logo\/image\/\",\"url\":\"https:\/\/karelasolutions.com\/wp-content\/uploads\/2024\/10\/Transparente-Letra-Azul.svg\",\"contentUrl\":\"https:\/\/karelasolutions.com\/wp-content\/uploads\/2024\/10\/Transparente-Letra-Azul.svg\",\"width\":1,\"height\":1,\"caption\":\"KARELA SOLUTIONS S.L.L.\"},\"image\":{\"@id\":\"https:\/\/karelasolutions.com\/#\/schema\/logo\/image\/\"},\"sameAs\":[\"https:\/\/www.linkedin.com\/company\/karela-solutions\/\"]}]}<\/script>\n<!-- \/ Yoast SEO plugin. -->","yoast_head_json":{"title":"KARELA SOLUTIONS &#8212; Econom\u00eda azul","description":"Econom\u00eda azul &#8212; Crear una transici\u00f3n hacia formas de energ\u00eda m\u00e1s limpias para fomentar la sostenibilidad y la protecci\u00f3n del medio ambiente.","robots":{"index":"index","follow":"follow","max-snippet":"max-snippet:-1","max-image-preview":"max-image-preview:large","max-video-preview":"max-video-preview:-1"},"canonical":"https:\/\/karelasolutions.com\/en\/economia-azul\/","og_locale":"en_GB","og_type":"article","og_title":"KARELA SOLUTIONS &#8212; Econom\u00eda azul","og_description":"Econom\u00eda azul &#8212; Crear una transici\u00f3n hacia formas de energ\u00eda m\u00e1s limpias para fomentar la sostenibilidad y la protecci\u00f3n del medio ambiente.","og_url":"https:\/\/karelasolutions.com\/en\/economia-azul\/","article_modified_time":"2024-10-30T10:17:28+00:00","og_image":[{"url":"https:\/\/karelasolutions.com\/wp-content\/uploads\/2024\/10\/pexels-photo-2127969-2127969-1024x807.jpg","type":"","width":"","height":""}],"twitter_card":"summary_large_image","twitter_misc":{"Estimated reading time":"1 minute"},"schema":{"@context":"https:\/\/schema.org","@graph":[{"@type":"WebPage","@id":"https:\/\/karelasolutions.com\/economia-azul\/","url":"https:\/\/karelasolutions.com\/economia-azul\/","name":"KARELA SOLUTIONS &#8212; Econom\u00eda azul","isPartOf":{"@id":"https:\/\/karelasolutions.com\/#website"},"primaryImageOfPage":{"@id":"https:\/\/karelasolutions.com\/economia-azul\/#primaryimage"},"image":{"@id":"https:\/\/karelasolutions.com\/economia-azul\/#primaryimage"},"thumbnailUrl":"https:\/\/karelasolutions.com\/wp-content\/uploads\/2024\/10\/pexels-photo-2127969-2127969-1024x807.jpg","datePublished":"2024-10-23T09:25:52+00:00","dateModified":"2024-10-30T10:17:28+00:00","description":"Econom\u00eda azul &#8212; Crear una transici\u00f3n hacia formas de energ\u00eda m\u00e1s limpias para fomentar la sostenibilidad y la protecci\u00f3n del medio ambiente.","breadcrumb":{"@id":"https:\/\/karelasolutions.com\/economia-azul\/#breadcrumb"},"inLanguage":"en-GB","potentialAction":[{"@type":"ReadAction","target":["https:\/\/karelasolutions.com\/economia-azul\/"]}]},{"@type":"ImageObject","inLanguage":"en-GB","@id":"https:\/\/karelasolutions.com\/economia-azul\/#primaryimage","url":"https:\/\/karelasolutions.com\/wp-content\/uploads\/2024\/10\/pexels-photo-2127969-2127969-1024x807.jpg","contentUrl":"https:\/\/karelasolutions.com\/wp-content\/uploads\/2024\/10\/pexels-photo-2127969-2127969-1024x807.jpg"},{"@type":"BreadcrumbList","@id":"https:\/\/karelasolutions.com\/economia-azul\/#breadcrumb","itemListElement":[{"@type":"ListItem","position":1,"name":"P\u00e1gina principal","item":"https:\/\/karelasolutions.com\/"},{"@type":"ListItem","position":2,"name":"Econom\u00eda azul"}]},{"@type":"WebSite","@id":"https:\/\/karelasolutions.com\/#website","url":"https:\/\/karelasolutions.com\/","name":"KARELA SOLUTIONS","description":"Bet on innovation","publisher":{"@id":"https:\/\/karelasolutions.com\/#organization"},"alternateName":"KARELA ELECTRICAL ENGINEERING","potentialAction":[{"@type":"SearchAction","target":{"@type":"EntryPoint","urlTemplate":"https:\/\/karelasolutions.com\/?s={search_term_string}"},"query-input":{"@type":"PropertyValueSpecification","valueRequired":true,"valueName":"search_term_string"}}],"inLanguage":"en-GB"},{"@type":"Organization","@id":"https:\/\/karelasolutions.com\/#organization","name":"KARELA SOLUTIONS S.L.L.","alternateName":"KARELA ELECTRICAL ENGINEERING","url":"https:\/\/karelasolutions.com\/","logo":{"@type":"ImageObject","inLanguage":"en-GB","@id":"https:\/\/karelasolutions.com\/#\/schema\/logo\/image\/","url":"https:\/\/karelasolutions.com\/wp-content\/uploads\/2024\/10\/Transparente-Letra-Azul.svg","contentUrl":"https:\/\/karelasolutions.com\/wp-content\/uploads\/2024\/10\/Transparente-Letra-Azul.svg","width":1,"height":1,"caption":"KARELA SOLUTIONS S.L.L."},"image":{"@id":"https:\/\/karelasolutions.com\/#\/schema\/logo\/image\/"},"sameAs":["https:\/\/www.linkedin.com\/company\/karela-solutions\/"]}]}},"uagb_featured_image_src":{"full":false,"thumbnail":false,"medium":false,"medium_large":false,"large":false,"1536x1536":false,"2048x2048":false,"trp-custom-language-flag":false},"uagb_author_info":{"display_name":"karelasolutions@gmail.com","author_link":"https:\/\/karelasolutions.com\/en\/author\/karelasolutionsgmail-com\/"},"uagb_comment_info":0,"uagb_excerpt":"Econom\u00eda azul","_links":{"self":[{"href":"https:\/\/karelasolutions.com\/en\/wp-json\/wp\/v2\/pages\/1739","targetHints":{"allow":["GET"]}}],"collection":[{"href":"https:\/\/karelasolutions.com\/en\/wp-json\/wp\/v2\/pages"}],"about":[{"href":"https:\/\/karelasolutions.com\/en\/wp-json\/wp\/v2\/types\/page"}],"author":[{"embeddable":true,"href":"https:\/\/karelasolutions.com\/en\/wp-json\/wp\/v2\/users\/1"}],"replies":[{"embeddable":true,"href":"https:\/\/karelasolutions.com\/en\/wp-json\/wp\/v2\/comments?post=1739"}],"version-history":[{"count":3,"href":"https:\/\/karelasolutions.com\/en\/wp-json\/wp\/v2\/pages\/1739\/revisions"}],"predecessor-version":[{"id":1847,"href":"https:\/\/karelasolutions.com\/en\/wp-json\/wp\/v2\/pages\/1739\/revisions\/1847"}],"wp:attachment":[{"href":"https:\/\/karelasolutions.com\/en\/wp-json\/wp\/v2\/media?parent=1739"}],"curies":[{"name":"wp","href":"https:\/\/api.w.org\/{rel}","templated":true}]}}