{"id":1725,"date":"2024-10-23T09:55:49","date_gmt":"2024-10-23T08:55:49","guid":{"rendered":"https:\/\/karelasolutions.com\/?page_id=1725"},"modified":"2024-10-30T11:11:08","modified_gmt":"2024-10-30T10:11:08","slug":"propulsion-electrica","status":"publish","type":"page","link":"https:\/\/karelasolutions.com\/en\/apuesta-en-investigacion\/propulsion-electrica\/","title":{"rendered":"Electric propulsion"},"content":{"rendered":"<div class=\"wp-block-uagb-container uagb-block-3b88793c alignfull uagb-is-root-container\"><div class=\"uagb-container-inner-blocks-wrap\"><div class=\"yoast-breadcrumbs\"><span><span><a href=\"https:\/\/karelasolutions.com\/en\/\">Home<\/a><\/span> \u00bb <span><a href=\"https:\/\/karelasolutions.com\/en\/apuesta-en-investigacion\/\">I+D+i<\/a><\/span> \u00bb <span class=\"breadcrumb_last\" aria-current=\"page\"><strong>Electric propulsion<\/strong><\/span><\/span><\/div>\n\n\n<div class=\"wp-block-columns is-layout-flex wp-container-core-columns-is-layout-28f84493 wp-block-columns-is-layout-flex\">\n<div class=\"wp-block-column is-layout-flow wp-block-column-is-layout-flow\">\n<div data-aos= \"fade-up\" data-aos-duration=\"400\" data-aos-delay=\"0\" data-aos-easing=\"ease\" data-aos-once=\"true\" class=\"wp-block-uagb-advanced-heading uagb-block-4bfda5e7\"><h2 class=\"uagb-heading-text\">Electric propulsion<\/h2><div class=\"uagb-separator\"><\/div><\/div>\n\n\n\n<div data-aos= \"fade-up\" data-aos-duration=\"400\" data-aos-delay=\"0\" data-aos-easing=\"ease\" data-aos-once=\"true\" class=\"wp-block-uagb-info-box uagb-block-e284e574 uagb-infobox__content-wrap  uagb-infobox-icon-above-title uagb-infobox-image-valign-top\"><div class=\"uagb-ifb-content\"><div class=\"uagb-ifb-title-wrap\"><h3 class=\"uagb-ifb-title\">Drive<\/h3><\/div><p class=\"uagb-ifb-desc\">Drive and generation design with <strong>technologies known by the user<\/strong>. Control systems based on <strong>digitalization<\/strong> &amp; <strong>AI<\/strong><br><br>Drive and generation with out the shelf elements known by the users in a 400V 50Hz III AC bus.<\/p><\/div><\/div>\n\n\n\n<div data-aos= \"fade-up\" data-aos-duration=\"400\" data-aos-delay=\"0\" data-aos-easing=\"ease\" data-aos-once=\"true\" class=\"wp-block-uagb-container uagb-block-d60b5dc4\">\n<ul style=\"font-size:15px\" class=\"wp-block-list\">\n<li>Squirrel cage \/ permanent magnet motors<\/li>\n\n\n\n<li>Cables VDF (Variable Frequency Drive cables)<\/li>\n\n\n\n<li>Charger-Inverter<\/li>\n\n\n\n<li>Batteries<\/li>\n\n\n\n<li>Inverters<\/li>\n\n\n\n<li>Generation with <strong>renewable energies <\/strong>(solar, wind) for <strong>auto abastecimiento<\/strong><\/li>\n\n\n\n<li style=\"font-size:15px\"><strong>Bidirectional earth conection, cold ironing, smart grid...<\/strong><\/li>\n<\/ul>\n<\/div>\n<\/div>\n\n\n\n<div class=\"wp-block-column is-vertically-aligned-center is-layout-flow wp-block-column-is-layout-flow\">\n<div data-aos= \"fade-up\" data-aos-duration=\"400\" data-aos-delay=\"0\" data-aos-easing=\"ease\" data-aos-once=\"true\" class=\"wp-block-uagb-image uagb-block-264a55ab wp-block-uagb-image--layout-default wp-block-uagb-image--effect-static wp-block-uagb-image--align-none\"><figure class=\"wp-block-uagb-image__figure\"><img decoding=\"async\" srcset=\"https:\/\/karelasolutions.com\/wp-content\/uploads\/2024\/10\/propulsion-1024x746.png ,https:\/\/karelasolutions.com\/wp-content\/uploads\/2024\/10\/propulsion.png 780w, https:\/\/karelasolutions.com\/wp-content\/uploads\/2024\/10\/propulsion.png 360w\" sizes=\"auto, (max-width: 480px) 150px\" src=\"https:\/\/karelasolutions.com\/wp-content\/uploads\/2024\/10\/propulsion-1024x746.png\" alt=\"\" class=\"uag-image-1519\" width=\"1024\" height=\"746\" title=\"propulsion\" loading=\"lazy\" role=\"img\"\/><\/figure><\/div>\n<\/div>\n<\/div>\n\n\n\n<div class=\"wp-block-columns is-layout-flex wp-container-core-columns-is-layout-28f84493 wp-block-columns-is-layout-flex\">\n<div class=\"wp-block-column is-vertically-aligned-center is-layout-flow wp-block-column-is-layout-flow\">\n<div data-aos= \"fade-up\" data-aos-duration=\"400\" data-aos-delay=\"0\" data-aos-easing=\"ease\" data-aos-once=\"true\" class=\"wp-block-uagb-info-box uagb-block-2af90239 uagb-infobox__content-wrap  uagb-infobox-icon-above-title uagb-infobox-image-valign-top\"><div class=\"uagb-ifb-content\"><div class=\"uagb-ifb-title-wrap\"><h3 class=\"uagb-ifb-title\">Control<\/h3><\/div><p class=\"uagb-ifb-desc\"><strong>Monitorization and control system <\/strong>which in addition to parameters (power, temperature...), machine alarms, security... <strong>analyzes and gives indications of the point of no return to home.<\/strong><br><br>Real-time mapping of the location, in relation to the destination, relating data on battery capacity, power, weather, etc. so that the system constantly displays the range, guidelines to follow, and alarms for the risk of no return.<\/p><\/div><\/div>\n<\/div>\n\n\n\n<div class=\"wp-block-column is-layout-flow wp-block-column-is-layout-flow\">\n<div data-aos= \"fade-up\" data-aos-duration=\"400\" data-aos-delay=\"0\" data-aos-easing=\"ease\" data-aos-once=\"true\" class=\"wp-block-uagb-image uagb-block-9c9eebea wp-block-uagb-image--layout-default wp-block-uagb-image--effect-static wp-block-uagb-image--align-none\"><figure class=\"wp-block-uagb-image__figure\"><img decoding=\"async\" srcset=\"https:\/\/karelasolutions.com\/wp-content\/uploads\/2024\/10\/control-1024x683.png ,https:\/\/karelasolutions.com\/wp-content\/uploads\/2024\/10\/control.png 780w, https:\/\/karelasolutions.com\/wp-content\/uploads\/2024\/10\/control.png 360w\" sizes=\"auto, (max-width: 480px) 150px\" src=\"https:\/\/karelasolutions.com\/wp-content\/uploads\/2024\/10\/control-1024x683.png\" alt=\"Persona controlando sistema de propulsion\" class=\"uag-image-1523\" width=\"1923\" height=\"1283\" title=\"control de propulsion\" loading=\"lazy\" role=\"img\"\/><\/figure><\/div>\n<\/div>\n<\/div>\n<\/div><\/div>\n\n\n\n<p><\/p>","protected":false},"excerpt":{"rendered":"<p>Electric propulsion<\/p>","protected":false},"author":1,"featured_media":0,"parent":1505,"menu_order":0,"comment_status":"closed","ping_status":"closed","template":"","meta":{"_uag_custom_page_level_css":"","site-sidebar-layout":"default","site-content-layout":"","ast-site-content-layout":"default","site-content-style":"default","site-sidebar-style":"default","ast-global-header-display":"","ast-banner-title-visibility":"","ast-main-header-display":"","ast-hfb-above-header-display":"","ast-hfb-below-header-display":"","ast-hfb-mobile-header-display":"","site-post-title":"","ast-breadcrumbs-content":"","ast-featured-img":"","footer-sml-layout":"","theme-transparent-header-meta":"","adv-header-id-meta":"","stick-header-meta":"","header-above-stick-meta":"","header-main-stick-meta":"","header-below-stick-meta":"","astra-migrate-meta-layouts":"set","ast-page-background-enabled":"default","ast-page-background-meta":{"desktop":{"background-color":"var(--ast-global-color-4)","background-image":"","background-repeat":"repeat","background-position":"center center","background-size":"auto","background-attachment":"scroll","background-type":"","background-media":"","overlay-type":"","overlay-color":"","overlay-opacity":"","overlay-gradient":""},"tablet":{"background-color":"","background-image":"","background-repeat":"repeat","background-position":"center center","background-size":"auto","background-attachment":"scroll","background-type":"","background-media":"","overlay-type":"","overlay-color":"","overlay-opacity":"","overlay-gradient":""},"mobile":{"background-color":"","background-image":"","background-repeat":"repeat","background-position":"center center","background-size":"auto","background-attachment":"scroll","background-type":"","background-media":"","overlay-type":"","overlay-color":"","overlay-opacity":"","overlay-gradient":""}},"ast-content-background-meta":{"desktop":{"background-color":"var(--ast-global-color-5)","background-image":"","background-repeat":"repeat","background-position":"center center","background-size":"auto","background-attachment":"scroll","background-type":"","background-media":"","overlay-type":"","overlay-color":"","overlay-opacity":"","overlay-gradient":""},"tablet":{"background-color":"var(--ast-global-color-5)","background-image":"","background-repeat":"repeat","background-position":"center center","background-size":"auto","background-attachment":"scroll","background-type":"","background-media":"","overlay-type":"","overlay-color":"","overlay-opacity":"","overlay-gradient":""},"mobile":{"background-color":"var(--ast-global-color-5)","background-image":"","background-repeat":"repeat","background-position":"center center","background-size":"auto","background-attachment":"scroll","background-type":"","background-media":"","overlay-type":"","overlay-color":"","overlay-opacity":"","overlay-gradient":""}},"footnotes":""},"class_list":["post-1725","page","type-page","status-publish","hentry"],"featured_image_src":null,"yoast_head":"<!-- This site is optimized with the Yoast SEO plugin v27.1.1 - https:\/\/yoast.com\/product\/yoast-seo-wordpress\/ -->\n<title>KARELA SOLUTIONS &#8212; Propulsi\u00f3n el\u00e9ctrica<\/title>\n<meta name=\"description\" content=\"Accionamiento y control para la propulsi\u00f3n el\u00e9ctrica en buques h\u00edbridos. Utilizando tecnolog\u00edas modernas y conocidas en el sector.\" \/>\n<meta name=\"robots\" content=\"index, follow, max-snippet:-1, max-image-preview:large, max-video-preview:-1\" \/>\n<link rel=\"canonical\" href=\"https:\/\/karelasolutions.com\/en\/apuesta-en-investigacion\/propulsion-electrica\/\" \/>\n<meta property=\"og:locale\" content=\"en_GB\" \/>\n<meta property=\"og:type\" content=\"article\" \/>\n<meta property=\"og:title\" content=\"KARELA SOLUTIONS &#8212; Propulsi\u00f3n el\u00e9ctrica\" \/>\n<meta property=\"og:description\" content=\"Accionamiento y control para la propulsi\u00f3n el\u00e9ctrica en buques h\u00edbridos. Utilizando tecnolog\u00edas modernas y conocidas en el sector.\" \/>\n<meta property=\"og:url\" content=\"https:\/\/karelasolutions.com\/en\/apuesta-en-investigacion\/propulsion-electrica\/\" \/>\n<meta property=\"article:modified_time\" content=\"2024-10-30T10:11:08+00:00\" \/>\n<meta property=\"og:image\" content=\"https:\/\/karelasolutions.com\/wp-content\/uploads\/2024\/10\/propulsion-1024x746.png\" \/>\n<meta name=\"twitter:card\" content=\"summary_large_image\" \/>\n<meta name=\"twitter:label1\" content=\"Estimated reading time\" \/>\n\t<meta name=\"twitter:data1\" content=\"2 minutes\" \/>\n<script type=\"application\/ld+json\" class=\"yoast-schema-graph\">{\"@context\":\"https:\/\/schema.org\",\"@graph\":[{\"@type\":\"WebPage\",\"@id\":\"https:\/\/karelasolutions.com\/apuesta-en-investigacion\/propulsion-electrica\/\",\"url\":\"https:\/\/karelasolutions.com\/apuesta-en-investigacion\/propulsion-electrica\/\",\"name\":\"KARELA SOLUTIONS &#8212; Propulsi\u00f3n el\u00e9ctrica\",\"isPartOf\":{\"@id\":\"https:\/\/karelasolutions.com\/#website\"},\"primaryImageOfPage\":{\"@id\":\"https:\/\/karelasolutions.com\/apuesta-en-investigacion\/propulsion-electrica\/#primaryimage\"},\"image\":{\"@id\":\"https:\/\/karelasolutions.com\/apuesta-en-investigacion\/propulsion-electrica\/#primaryimage\"},\"thumbnailUrl\":\"https:\/\/karelasolutions.com\/wp-content\/uploads\/2024\/10\/propulsion-1024x746.png\",\"datePublished\":\"2024-10-23T08:55:49+00:00\",\"dateModified\":\"2024-10-30T10:11:08+00:00\",\"description\":\"Accionamiento y control para la propulsi\u00f3n el\u00e9ctrica en buques h\u00edbridos. Utilizando tecnolog\u00edas modernas y conocidas en el sector.\",\"breadcrumb\":{\"@id\":\"https:\/\/karelasolutions.com\/apuesta-en-investigacion\/propulsion-electrica\/#breadcrumb\"},\"inLanguage\":\"en-GB\",\"potentialAction\":[{\"@type\":\"ReadAction\",\"target\":[\"https:\/\/karelasolutions.com\/apuesta-en-investigacion\/propulsion-electrica\/\"]}]},{\"@type\":\"ImageObject\",\"inLanguage\":\"en-GB\",\"@id\":\"https:\/\/karelasolutions.com\/apuesta-en-investigacion\/propulsion-electrica\/#primaryimage\",\"url\":\"https:\/\/karelasolutions.com\/wp-content\/uploads\/2024\/10\/propulsion-1024x746.png\",\"contentUrl\":\"https:\/\/karelasolutions.com\/wp-content\/uploads\/2024\/10\/propulsion-1024x746.png\"},{\"@type\":\"BreadcrumbList\",\"@id\":\"https:\/\/karelasolutions.com\/apuesta-en-investigacion\/propulsion-electrica\/#breadcrumb\",\"itemListElement\":[{\"@type\":\"ListItem\",\"position\":1,\"name\":\"P\u00e1gina principal\",\"item\":\"https:\/\/karelasolutions.com\/\"},{\"@type\":\"ListItem\",\"position\":2,\"name\":\"I+D+i\",\"item\":\"https:\/\/karelasolutions.com\/apuesta-en-investigacion\/\"},{\"@type\":\"ListItem\",\"position\":3,\"name\":\"Propulsi\u00f3n el\u00e9ctrica\"}]},{\"@type\":\"WebSite\",\"@id\":\"https:\/\/karelasolutions.com\/#website\",\"url\":\"https:\/\/karelasolutions.com\/\",\"name\":\"KARELA SOLUTIONS\",\"description\":\"Bet on innovation\",\"publisher\":{\"@id\":\"https:\/\/karelasolutions.com\/#organization\"},\"alternateName\":\"KARELA ELECTRICAL ENGINEERING\",\"potentialAction\":[{\"@type\":\"SearchAction\",\"target\":{\"@type\":\"EntryPoint\",\"urlTemplate\":\"https:\/\/karelasolutions.com\/?s={search_term_string}\"},\"query-input\":{\"@type\":\"PropertyValueSpecification\",\"valueRequired\":true,\"valueName\":\"search_term_string\"}}],\"inLanguage\":\"en-GB\"},{\"@type\":\"Organization\",\"@id\":\"https:\/\/karelasolutions.com\/#organization\",\"name\":\"KARELA SOLUTIONS S.L.L.\",\"alternateName\":\"KARELA ELECTRICAL ENGINEERING\",\"url\":\"https:\/\/karelasolutions.com\/\",\"logo\":{\"@type\":\"ImageObject\",\"inLanguage\":\"en-GB\",\"@id\":\"https:\/\/karelasolutions.com\/#\/schema\/logo\/image\/\",\"url\":\"https:\/\/karelasolutions.com\/wp-content\/uploads\/2024\/10\/Transparente-Letra-Azul.svg\",\"contentUrl\":\"https:\/\/karelasolutions.com\/wp-content\/uploads\/2024\/10\/Transparente-Letra-Azul.svg\",\"width\":1,\"height\":1,\"caption\":\"KARELA SOLUTIONS S.L.L.\"},\"image\":{\"@id\":\"https:\/\/karelasolutions.com\/#\/schema\/logo\/image\/\"},\"sameAs\":[\"https:\/\/www.linkedin.com\/company\/karela-solutions\/\"]}]}<\/script>\n<!-- \/ Yoast SEO plugin. -->","yoast_head_json":{"title":"KARELA SOLUTIONS &#8212; Propulsi\u00f3n el\u00e9ctrica","description":"Accionamiento y control para la propulsi\u00f3n el\u00e9ctrica en buques h\u00edbridos. Utilizando tecnolog\u00edas modernas y conocidas en el sector.","robots":{"index":"index","follow":"follow","max-snippet":"max-snippet:-1","max-image-preview":"max-image-preview:large","max-video-preview":"max-video-preview:-1"},"canonical":"https:\/\/karelasolutions.com\/en\/apuesta-en-investigacion\/propulsion-electrica\/","og_locale":"en_GB","og_type":"article","og_title":"KARELA SOLUTIONS &#8212; Propulsi\u00f3n el\u00e9ctrica","og_description":"Accionamiento y control para la propulsi\u00f3n el\u00e9ctrica en buques h\u00edbridos. Utilizando tecnolog\u00edas modernas y conocidas en el sector.","og_url":"https:\/\/karelasolutions.com\/en\/apuesta-en-investigacion\/propulsion-electrica\/","article_modified_time":"2024-10-30T10:11:08+00:00","og_image":[{"url":"https:\/\/karelasolutions.com\/wp-content\/uploads\/2024\/10\/propulsion-1024x746.png","type":"","width":"","height":""}],"twitter_card":"summary_large_image","twitter_misc":{"Estimated reading time":"2 minutes"},"schema":{"@context":"https:\/\/schema.org","@graph":[{"@type":"WebPage","@id":"https:\/\/karelasolutions.com\/apuesta-en-investigacion\/propulsion-electrica\/","url":"https:\/\/karelasolutions.com\/apuesta-en-investigacion\/propulsion-electrica\/","name":"KARELA SOLUTIONS &#8212; Propulsi\u00f3n el\u00e9ctrica","isPartOf":{"@id":"https:\/\/karelasolutions.com\/#website"},"primaryImageOfPage":{"@id":"https:\/\/karelasolutions.com\/apuesta-en-investigacion\/propulsion-electrica\/#primaryimage"},"image":{"@id":"https:\/\/karelasolutions.com\/apuesta-en-investigacion\/propulsion-electrica\/#primaryimage"},"thumbnailUrl":"https:\/\/karelasolutions.com\/wp-content\/uploads\/2024\/10\/propulsion-1024x746.png","datePublished":"2024-10-23T08:55:49+00:00","dateModified":"2024-10-30T10:11:08+00:00","description":"Accionamiento y control para la propulsi\u00f3n el\u00e9ctrica en buques h\u00edbridos. Utilizando tecnolog\u00edas modernas y conocidas en el sector.","breadcrumb":{"@id":"https:\/\/karelasolutions.com\/apuesta-en-investigacion\/propulsion-electrica\/#breadcrumb"},"inLanguage":"en-GB","potentialAction":[{"@type":"ReadAction","target":["https:\/\/karelasolutions.com\/apuesta-en-investigacion\/propulsion-electrica\/"]}]},{"@type":"ImageObject","inLanguage":"en-GB","@id":"https:\/\/karelasolutions.com\/apuesta-en-investigacion\/propulsion-electrica\/#primaryimage","url":"https:\/\/karelasolutions.com\/wp-content\/uploads\/2024\/10\/propulsion-1024x746.png","contentUrl":"https:\/\/karelasolutions.com\/wp-content\/uploads\/2024\/10\/propulsion-1024x746.png"},{"@type":"BreadcrumbList","@id":"https:\/\/karelasolutions.com\/apuesta-en-investigacion\/propulsion-electrica\/#breadcrumb","itemListElement":[{"@type":"ListItem","position":1,"name":"P\u00e1gina principal","item":"https:\/\/karelasolutions.com\/"},{"@type":"ListItem","position":2,"name":"I+D+i","item":"https:\/\/karelasolutions.com\/apuesta-en-investigacion\/"},{"@type":"ListItem","position":3,"name":"Propulsi\u00f3n el\u00e9ctrica"}]},{"@type":"WebSite","@id":"https:\/\/karelasolutions.com\/#website","url":"https:\/\/karelasolutions.com\/","name":"KARELA SOLUTIONS","description":"Bet on innovation","publisher":{"@id":"https:\/\/karelasolutions.com\/#organization"},"alternateName":"KARELA ELECTRICAL ENGINEERING","potentialAction":[{"@type":"SearchAction","target":{"@type":"EntryPoint","urlTemplate":"https:\/\/karelasolutions.com\/?s={search_term_string}"},"query-input":{"@type":"PropertyValueSpecification","valueRequired":true,"valueName":"search_term_string"}}],"inLanguage":"en-GB"},{"@type":"Organization","@id":"https:\/\/karelasolutions.com\/#organization","name":"KARELA SOLUTIONS S.L.L.","alternateName":"KARELA ELECTRICAL ENGINEERING","url":"https:\/\/karelasolutions.com\/","logo":{"@type":"ImageObject","inLanguage":"en-GB","@id":"https:\/\/karelasolutions.com\/#\/schema\/logo\/image\/","url":"https:\/\/karelasolutions.com\/wp-content\/uploads\/2024\/10\/Transparente-Letra-Azul.svg","contentUrl":"https:\/\/karelasolutions.com\/wp-content\/uploads\/2024\/10\/Transparente-Letra-Azul.svg","width":1,"height":1,"caption":"KARELA SOLUTIONS S.L.L."},"image":{"@id":"https:\/\/karelasolutions.com\/#\/schema\/logo\/image\/"},"sameAs":["https:\/\/www.linkedin.com\/company\/karela-solutions\/"]}]}},"uagb_featured_image_src":{"full":false,"thumbnail":false,"medium":false,"medium_large":false,"large":false,"1536x1536":false,"2048x2048":false,"trp-custom-language-flag":false},"uagb_author_info":{"display_name":"karelasolutions@gmail.com","author_link":"https:\/\/karelasolutions.com\/en\/author\/karelasolutionsgmail-com\/"},"uagb_comment_info":0,"uagb_excerpt":"Propulsi\u00f3n el\u00e9ctrica","_links":{"self":[{"href":"https:\/\/karelasolutions.com\/en\/wp-json\/wp\/v2\/pages\/1725","targetHints":{"allow":["GET"]}}],"collection":[{"href":"https:\/\/karelasolutions.com\/en\/wp-json\/wp\/v2\/pages"}],"about":[{"href":"https:\/\/karelasolutions.com\/en\/wp-json\/wp\/v2\/types\/page"}],"author":[{"embeddable":true,"href":"https:\/\/karelasolutions.com\/en\/wp-json\/wp\/v2\/users\/1"}],"replies":[{"embeddable":true,"href":"https:\/\/karelasolutions.com\/en\/wp-json\/wp\/v2\/comments?post=1725"}],"version-history":[{"count":5,"href":"https:\/\/karelasolutions.com\/en\/wp-json\/wp\/v2\/pages\/1725\/revisions"}],"predecessor-version":[{"id":1843,"href":"https:\/\/karelasolutions.com\/en\/wp-json\/wp\/v2\/pages\/1725\/revisions\/1843"}],"up":[{"embeddable":true,"href":"https:\/\/karelasolutions.com\/en\/wp-json\/wp\/v2\/pages\/1505"}],"wp:attachment":[{"href":"https:\/\/karelasolutions.com\/en\/wp-json\/wp\/v2\/media?parent=1725"}],"curies":[{"name":"wp","href":"https:\/\/api.w.org\/{rel}","templated":true}]}}