{"id":1649,"date":"2024-10-22T12:55:50","date_gmt":"2024-10-22T11:55:50","guid":{"rendered":"https:\/\/karelasolutions.com\/?page_id=1649"},"modified":"2024-10-30T11:15:49","modified_gmt":"2024-10-30T10:15:49","slug":"desarrollo","status":"publish","type":"page","link":"https:\/\/karelasolutions.com\/en\/servicios\/desarrollo\/","title":{"rendered":"Development"},"content":{"rendered":"<div class=\"wp-block-uagb-container uagb-block-b119b394 alignfull uagb-is-root-container\"><div class=\"uagb-container-inner-blocks-wrap\"><div class=\"yoast-breadcrumbs\"><span><span><a href=\"https:\/\/karelasolutions.com\/en\/\">Home<\/a><\/span> \u00bb <span><a href=\"https:\/\/karelasolutions.com\/en\/servicios\/\">Services<\/a><\/span> \u00bb <span class=\"breadcrumb_last\" aria-current=\"page\"><strong>Development<\/strong><\/span><\/span><\/div>\n\n\n<div class=\"wp-block-columns is-layout-flex wp-container-core-columns-is-layout-28f84493 wp-block-columns-is-layout-flex\">\n<div class=\"wp-block-column is-layout-flow wp-block-column-is-layout-flow\">\n<div data-aos= \"fade-up\" data-aos-duration=\"400\" data-aos-delay=\"0\" data-aos-easing=\"ease\" data-aos-once=\"true\" class=\"wp-block-uagb-advanced-heading uagb-block-254a9ee2\"><h2 class=\"uagb-heading-text\">Development<\/h2><div class=\"uagb-separator\"><\/div><\/div>\n\n\n\n<div data-aos= \"fade-up\" data-aos-duration=\"400\" data-aos-delay=\"0\" data-aos-easing=\"ease\" data-aos-once=\"true\" class=\"wp-block-uagb-info-box uagb-block-22d385a5 uagb-infobox__content-wrap  uagb-infobox-icon-above-title uagb-infobox-image-valign-top\"><div class=\"uagb-ifb-content\"><div class=\"uagb-ifb-title-wrap\"><h3 class=\"uagb-ifb-title\">Custom-made equipment and solutions for automation and control<\/h3><\/div><p class=\"uagb-ifb-desc\">Starting from 0 or from an existing baseline, our team develops the automatization and control systemas needed by the client.<\/p><\/div><\/div>\n\n\n\n<div data-aos= \"fade-up\" data-aos-duration=\"400\" data-aos-delay=\"0\" data-aos-easing=\"ease\" data-aos-once=\"true\" class=\"wp-block-uagb-container uagb-block-9df6ec07\">\n<ul style=\"font-size:15px\" class=\"wp-block-list\">\n<li>Control by PLC<\/li>\n\n\n\n<li>Human Machine Interface (HMI)<\/li>\n\n\n\n<li>Custom made screen design tailored to the clients needs<\/li>\n\n\n\n<li>Alarm system<\/li>\n\n\n\n<li>&#8230;<\/li>\n<\/ul>\n<\/div>\n<\/div>\n\n\n\n<div class=\"wp-block-column is-vertically-aligned-center is-layout-flow wp-block-column-is-layout-flow\">\n<div data-aos= \"fade-up\" data-aos-duration=\"400\" data-aos-delay=\"0\" data-aos-easing=\"ease\" data-aos-once=\"true\" class=\"wp-block-uagb-image uagb-block-d7e40472 wp-block-uagb-image--layout-default wp-block-uagb-image--effect-static wp-block-uagb-image--align-none\"><figure class=\"wp-block-uagb-image__figure\"><img decoding=\"async\" srcset=\"https:\/\/karelasolutions.com\/wp-content\/uploads\/2024\/10\/pexels-photo-5532675-5532675.jpg ,https:\/\/karelasolutions.com\/wp-content\/uploads\/2024\/10\/pexels-photo-5532675-5532675.jpg 780w, https:\/\/karelasolutions.com\/wp-content\/uploads\/2024\/10\/pexels-photo-5532675-5532675.jpg 360w\" sizes=\"auto, (max-width: 480px) 150px\" src=\"https:\/\/karelasolutions.com\/wp-content\/uploads\/2024\/10\/pexels-photo-5532675-5532675.jpg\" alt=\"Desarrollo de soluci\u00f3n en l\u00ednea de producci\u00f3n\" class=\"uag-image-1618\" width=\"940\" height=\"627\" title=\"pexels-photo-5532675-5532675\" loading=\"lazy\" role=\"img\"\/><\/figure><\/div>\n<\/div>\n<\/div>\n<\/div><\/div>\n\n\n\n<p><\/p>","protected":false},"excerpt":{"rendered":"<p>Development<\/p>","protected":false},"author":1,"featured_media":0,"parent":1598,"menu_order":0,"comment_status":"closed","ping_status":"closed","template":"","meta":{"_uag_custom_page_level_css":"","site-sidebar-layout":"default","site-content-layout":"","ast-site-content-layout":"default","site-content-style":"default","site-sidebar-style":"default","ast-global-header-display":"","ast-banner-title-visibility":"","ast-main-header-display":"","ast-hfb-above-header-display":"","ast-hfb-below-header-display":"","ast-hfb-mobile-header-display":"","site-post-title":"","ast-breadcrumbs-content":"","ast-featured-img":"","footer-sml-layout":"","theme-transparent-header-meta":"","adv-header-id-meta":"","stick-header-meta":"","header-above-stick-meta":"","header-main-stick-meta":"","header-below-stick-meta":"","astra-migrate-meta-layouts":"set","ast-page-background-enabled":"default","ast-page-background-meta":{"desktop":{"background-color":"var(--ast-global-color-4)","background-image":"","background-repeat":"repeat","background-position":"center center","background-size":"auto","background-attachment":"scroll","background-type":"","background-media":"","overlay-type":"","overlay-color":"","overlay-opacity":"","overlay-gradient":""},"tablet":{"background-color":"","background-image":"","background-repeat":"repeat","background-position":"center center","background-size":"auto","background-attachment":"scroll","background-type":"","background-media":"","overlay-type":"","overlay-color":"","overlay-opacity":"","overlay-gradient":""},"mobile":{"background-color":"","background-image":"","background-repeat":"repeat","background-position":"center center","background-size":"auto","background-attachment":"scroll","background-type":"","background-media":"","overlay-type":"","overlay-color":"","overlay-opacity":"","overlay-gradient":""}},"ast-content-background-meta":{"desktop":{"background-color":"var(--ast-global-color-5)","background-image":"","background-repeat":"repeat","background-position":"center center","background-size":"auto","background-attachment":"scroll","background-type":"","background-media":"","overlay-type":"","overlay-color":"","overlay-opacity":"","overlay-gradient":""},"tablet":{"background-color":"var(--ast-global-color-5)","background-image":"","background-repeat":"repeat","background-position":"center center","background-size":"auto","background-attachment":"scroll","background-type":"","background-media":"","overlay-type":"","overlay-color":"","overlay-opacity":"","overlay-gradient":""},"mobile":{"background-color":"var(--ast-global-color-5)","background-image":"","background-repeat":"repeat","background-position":"center center","background-size":"auto","background-attachment":"scroll","background-type":"","background-media":"","overlay-type":"","overlay-color":"","overlay-opacity":"","overlay-gradient":""}},"footnotes":""},"class_list":["post-1649","page","type-page","status-publish","hentry"],"featured_image_src":null,"yoast_head":"<!-- This site is optimized with the Yoast SEO plugin v27.1.1 - https:\/\/yoast.com\/product\/yoast-seo-wordpress\/ -->\n<title>KARELA SOLUTION &#8212; Desarrollo<\/title>\n<meta name=\"description\" content=\"Equipos y soluciones de automatizaci\u00f3n y control a medida. Desarrollo de sistemas de automatizaci\u00f3n y control.\" \/>\n<meta name=\"robots\" content=\"index, follow, max-snippet:-1, max-image-preview:large, max-video-preview:-1\" \/>\n<link rel=\"canonical\" href=\"https:\/\/karelasolutions.com\/en\/servicios\/desarrollo\/\" \/>\n<meta property=\"og:locale\" content=\"en_GB\" \/>\n<meta property=\"og:type\" content=\"article\" \/>\n<meta property=\"og:title\" content=\"KARELA SOLUTION &#8212; Desarrollo\" \/>\n<meta property=\"og:description\" content=\"Equipos y soluciones de automatizaci\u00f3n y control a medida. Desarrollo de sistemas de automatizaci\u00f3n y control.\" \/>\n<meta property=\"og:url\" content=\"https:\/\/karelasolutions.com\/en\/servicios\/desarrollo\/\" \/>\n<meta property=\"article:modified_time\" content=\"2024-10-30T10:15:49+00:00\" \/>\n<meta property=\"og:image\" content=\"https:\/\/karelasolutions.com\/wp-content\/uploads\/2024\/10\/pexels-photo-5532675-5532675.jpg\" \/>\n<meta name=\"twitter:card\" content=\"summary_large_image\" \/>\n<meta name=\"twitter:label1\" content=\"Estimated reading time\" \/>\n\t<meta name=\"twitter:data1\" content=\"1 minute\" \/>\n<script type=\"application\/ld+json\" class=\"yoast-schema-graph\">{\"@context\":\"https:\/\/schema.org\",\"@graph\":[{\"@type\":\"WebPage\",\"@id\":\"https:\/\/karelasolutions.com\/servicios\/desarrollo\/\",\"url\":\"https:\/\/karelasolutions.com\/servicios\/desarrollo\/\",\"name\":\"KARELA SOLUTION &#8212; Desarrollo\",\"isPartOf\":{\"@id\":\"https:\/\/karelasolutions.com\/#website\"},\"primaryImageOfPage\":{\"@id\":\"https:\/\/karelasolutions.com\/servicios\/desarrollo\/#primaryimage\"},\"image\":{\"@id\":\"https:\/\/karelasolutions.com\/servicios\/desarrollo\/#primaryimage\"},\"thumbnailUrl\":\"https:\/\/karelasolutions.com\/wp-content\/uploads\/2024\/10\/pexels-photo-5532675-5532675.jpg\",\"datePublished\":\"2024-10-22T11:55:50+00:00\",\"dateModified\":\"2024-10-30T10:15:49+00:00\",\"description\":\"Equipos y soluciones de automatizaci\u00f3n y control a medida. Desarrollo de sistemas de automatizaci\u00f3n y control.\",\"breadcrumb\":{\"@id\":\"https:\/\/karelasolutions.com\/servicios\/desarrollo\/#breadcrumb\"},\"inLanguage\":\"en-GB\",\"potentialAction\":[{\"@type\":\"ReadAction\",\"target\":[\"https:\/\/karelasolutions.com\/servicios\/desarrollo\/\"]}]},{\"@type\":\"ImageObject\",\"inLanguage\":\"en-GB\",\"@id\":\"https:\/\/karelasolutions.com\/servicios\/desarrollo\/#primaryimage\",\"url\":\"https:\/\/karelasolutions.com\/wp-content\/uploads\/2024\/10\/pexels-photo-5532675-5532675.jpg\",\"contentUrl\":\"https:\/\/karelasolutions.com\/wp-content\/uploads\/2024\/10\/pexels-photo-5532675-5532675.jpg\"},{\"@type\":\"BreadcrumbList\",\"@id\":\"https:\/\/karelasolutions.com\/servicios\/desarrollo\/#breadcrumb\",\"itemListElement\":[{\"@type\":\"ListItem\",\"position\":1,\"name\":\"P\u00e1gina principal\",\"item\":\"https:\/\/karelasolutions.com\/\"},{\"@type\":\"ListItem\",\"position\":2,\"name\":\"Servicios\",\"item\":\"https:\/\/karelasolutions.com\/servicios\/\"},{\"@type\":\"ListItem\",\"position\":3,\"name\":\"Desarrollo\"}]},{\"@type\":\"WebSite\",\"@id\":\"https:\/\/karelasolutions.com\/#website\",\"url\":\"https:\/\/karelasolutions.com\/\",\"name\":\"KARELA SOLUTIONS\",\"description\":\"Bet on innovation\",\"publisher\":{\"@id\":\"https:\/\/karelasolutions.com\/#organization\"},\"alternateName\":\"KARELA ELECTRICAL ENGINEERING\",\"potentialAction\":[{\"@type\":\"SearchAction\",\"target\":{\"@type\":\"EntryPoint\",\"urlTemplate\":\"https:\/\/karelasolutions.com\/?s={search_term_string}\"},\"query-input\":{\"@type\":\"PropertyValueSpecification\",\"valueRequired\":true,\"valueName\":\"search_term_string\"}}],\"inLanguage\":\"en-GB\"},{\"@type\":\"Organization\",\"@id\":\"https:\/\/karelasolutions.com\/#organization\",\"name\":\"KARELA SOLUTIONS S.L.L.\",\"alternateName\":\"KARELA ELECTRICAL ENGINEERING\",\"url\":\"https:\/\/karelasolutions.com\/\",\"logo\":{\"@type\":\"ImageObject\",\"inLanguage\":\"en-GB\",\"@id\":\"https:\/\/karelasolutions.com\/#\/schema\/logo\/image\/\",\"url\":\"https:\/\/karelasolutions.com\/wp-content\/uploads\/2024\/10\/Transparente-Letra-Azul.svg\",\"contentUrl\":\"https:\/\/karelasolutions.com\/wp-content\/uploads\/2024\/10\/Transparente-Letra-Azul.svg\",\"width\":1,\"height\":1,\"caption\":\"KARELA SOLUTIONS S.L.L.\"},\"image\":{\"@id\":\"https:\/\/karelasolutions.com\/#\/schema\/logo\/image\/\"},\"sameAs\":[\"https:\/\/www.linkedin.com\/company\/karela-solutions\/\"]}]}<\/script>\n<!-- \/ Yoast SEO plugin. -->","yoast_head_json":{"title":"KARELA SOLUTION &#8212; Desarrollo","description":"Equipos y soluciones de automatizaci\u00f3n y control a medida. Desarrollo de sistemas de automatizaci\u00f3n y control.","robots":{"index":"index","follow":"follow","max-snippet":"max-snippet:-1","max-image-preview":"max-image-preview:large","max-video-preview":"max-video-preview:-1"},"canonical":"https:\/\/karelasolutions.com\/en\/servicios\/desarrollo\/","og_locale":"en_GB","og_type":"article","og_title":"KARELA SOLUTION &#8212; Desarrollo","og_description":"Equipos y soluciones de automatizaci\u00f3n y control a medida. Desarrollo de sistemas de automatizaci\u00f3n y control.","og_url":"https:\/\/karelasolutions.com\/en\/servicios\/desarrollo\/","article_modified_time":"2024-10-30T10:15:49+00:00","og_image":[{"url":"https:\/\/karelasolutions.com\/wp-content\/uploads\/2024\/10\/pexels-photo-5532675-5532675.jpg","type":"","width":"","height":""}],"twitter_card":"summary_large_image","twitter_misc":{"Estimated reading time":"1 minute"},"schema":{"@context":"https:\/\/schema.org","@graph":[{"@type":"WebPage","@id":"https:\/\/karelasolutions.com\/servicios\/desarrollo\/","url":"https:\/\/karelasolutions.com\/servicios\/desarrollo\/","name":"KARELA SOLUTION &#8212; Desarrollo","isPartOf":{"@id":"https:\/\/karelasolutions.com\/#website"},"primaryImageOfPage":{"@id":"https:\/\/karelasolutions.com\/servicios\/desarrollo\/#primaryimage"},"image":{"@id":"https:\/\/karelasolutions.com\/servicios\/desarrollo\/#primaryimage"},"thumbnailUrl":"https:\/\/karelasolutions.com\/wp-content\/uploads\/2024\/10\/pexels-photo-5532675-5532675.jpg","datePublished":"2024-10-22T11:55:50+00:00","dateModified":"2024-10-30T10:15:49+00:00","description":"Equipos y soluciones de automatizaci\u00f3n y control a medida. Desarrollo de sistemas de automatizaci\u00f3n y control.","breadcrumb":{"@id":"https:\/\/karelasolutions.com\/servicios\/desarrollo\/#breadcrumb"},"inLanguage":"en-GB","potentialAction":[{"@type":"ReadAction","target":["https:\/\/karelasolutions.com\/servicios\/desarrollo\/"]}]},{"@type":"ImageObject","inLanguage":"en-GB","@id":"https:\/\/karelasolutions.com\/servicios\/desarrollo\/#primaryimage","url":"https:\/\/karelasolutions.com\/wp-content\/uploads\/2024\/10\/pexels-photo-5532675-5532675.jpg","contentUrl":"https:\/\/karelasolutions.com\/wp-content\/uploads\/2024\/10\/pexels-photo-5532675-5532675.jpg"},{"@type":"BreadcrumbList","@id":"https:\/\/karelasolutions.com\/servicios\/desarrollo\/#breadcrumb","itemListElement":[{"@type":"ListItem","position":1,"name":"P\u00e1gina principal","item":"https:\/\/karelasolutions.com\/"},{"@type":"ListItem","position":2,"name":"Servicios","item":"https:\/\/karelasolutions.com\/servicios\/"},{"@type":"ListItem","position":3,"name":"Desarrollo"}]},{"@type":"WebSite","@id":"https:\/\/karelasolutions.com\/#website","url":"https:\/\/karelasolutions.com\/","name":"KARELA SOLUTIONS","description":"Bet on innovation","publisher":{"@id":"https:\/\/karelasolutions.com\/#organization"},"alternateName":"KARELA ELECTRICAL ENGINEERING","potentialAction":[{"@type":"SearchAction","target":{"@type":"EntryPoint","urlTemplate":"https:\/\/karelasolutions.com\/?s={search_term_string}"},"query-input":{"@type":"PropertyValueSpecification","valueRequired":true,"valueName":"search_term_string"}}],"inLanguage":"en-GB"},{"@type":"Organization","@id":"https:\/\/karelasolutions.com\/#organization","name":"KARELA SOLUTIONS S.L.L.","alternateName":"KARELA ELECTRICAL ENGINEERING","url":"https:\/\/karelasolutions.com\/","logo":{"@type":"ImageObject","inLanguage":"en-GB","@id":"https:\/\/karelasolutions.com\/#\/schema\/logo\/image\/","url":"https:\/\/karelasolutions.com\/wp-content\/uploads\/2024\/10\/Transparente-Letra-Azul.svg","contentUrl":"https:\/\/karelasolutions.com\/wp-content\/uploads\/2024\/10\/Transparente-Letra-Azul.svg","width":1,"height":1,"caption":"KARELA SOLUTIONS S.L.L."},"image":{"@id":"https:\/\/karelasolutions.com\/#\/schema\/logo\/image\/"},"sameAs":["https:\/\/www.linkedin.com\/company\/karela-solutions\/"]}]}},"uagb_featured_image_src":{"full":false,"thumbnail":false,"medium":false,"medium_large":false,"large":false,"1536x1536":false,"2048x2048":false,"trp-custom-language-flag":false},"uagb_author_info":{"display_name":"karelasolutions@gmail.com","author_link":"https:\/\/karelasolutions.com\/en\/author\/karelasolutionsgmail-com\/"},"uagb_comment_info":0,"uagb_excerpt":"Desarrollo","_links":{"self":[{"href":"https:\/\/karelasolutions.com\/en\/wp-json\/wp\/v2\/pages\/1649","targetHints":{"allow":["GET"]}}],"collection":[{"href":"https:\/\/karelasolutions.com\/en\/wp-json\/wp\/v2\/pages"}],"about":[{"href":"https:\/\/karelasolutions.com\/en\/wp-json\/wp\/v2\/types\/page"}],"author":[{"embeddable":true,"href":"https:\/\/karelasolutions.com\/en\/wp-json\/wp\/v2\/users\/1"}],"replies":[{"embeddable":true,"href":"https:\/\/karelasolutions.com\/en\/wp-json\/wp\/v2\/comments?post=1649"}],"version-history":[{"count":6,"href":"https:\/\/karelasolutions.com\/en\/wp-json\/wp\/v2\/pages\/1649\/revisions"}],"predecessor-version":[{"id":1845,"href":"https:\/\/karelasolutions.com\/en\/wp-json\/wp\/v2\/pages\/1649\/revisions\/1845"}],"up":[{"embeddable":true,"href":"https:\/\/karelasolutions.com\/en\/wp-json\/wp\/v2\/pages\/1598"}],"wp:attachment":[{"href":"https:\/\/karelasolutions.com\/en\/wp-json\/wp\/v2\/media?parent=1649"}],"curies":[{"name":"wp","href":"https:\/\/api.w.org\/{rel}","templated":true}]}}